{"id":3,"date":"2019-06-12T10:47:30","date_gmt":"2019-06-12T10:47:30","guid":{"rendered":"http:\/\/web.kgrulmenti.ro\/?page_id=3"},"modified":"2023-03-14T13:17:49","modified_gmt":"2023-03-14T13:17:49","slug":"privacy-policy","status":"publish","type":"page","link":"https:\/\/web.kgrulmenti.ro\/en\/privacy-policy\/","title":{"rendered":"Data protection"},"content":{"rendered":"<div data-elementor-type=\"wp-page\" data-elementor-id=\"3\" class=\"elementor elementor-3\">\n\t\t\t\t\t\t\t\t\t<section class=\"elementor-section elementor-top-section elementor-element elementor-element-1f525b1 elementor-section-boxed elementor-section-height-default elementor-section-height-default\" data-id=\"1f525b1\" data-element_type=\"section\">\n\t\t\t\t\t\t<div class=\"elementor-container elementor-column-gap-default\">\n\t\t\t\t\t<div class=\"elementor-column elementor-col-100 elementor-top-column elementor-element elementor-element-22d5a79\" data-id=\"22d5a79\" data-element_type=\"column\">\n\t\t\t<div class=\"elementor-widget-wrap elementor-element-populated\">\n\t\t\t\t\t\t\t\t<div class=\"elementor-element elementor-element-959db13 elementor-widget elementor-widget-text-editor\" data-id=\"959db13\" data-element_type=\"widget\" data-widget_type=\"text-editor.default\">\n\t\t\t\t<div class=\"elementor-widget-container\">\n\t\t\t<style>\/*! elementor - v3.17.0 - 08-11-2023 *\/\n.elementor-widget-text-editor.elementor-drop-cap-view-stacked .elementor-drop-cap{background-color:#69727d;color:#fff}.elementor-widget-text-editor.elementor-drop-cap-view-framed .elementor-drop-cap{color:#69727d;border:3px solid;background-color:transparent}.elementor-widget-text-editor:not(.elementor-drop-cap-view-default) .elementor-drop-cap{margin-top:8px}.elementor-widget-text-editor:not(.elementor-drop-cap-view-default) .elementor-drop-cap-letter{width:1em;height:1em}.elementor-widget-text-editor .elementor-drop-cap{float:left;text-align:center;line-height:1;font-size:50px}.elementor-widget-text-editor .elementor-drop-cap-letter{display:inline-block}<\/style>\t\t\t\t<p>The protection of your personal data is very important to us. That is why we are committed to complying with European and national legislation on the protection of personal data, in particular Regulation (EU) 679\/2016, also known as GDPR, and the following principles:<\/p><ul><li>Legality, fairness and transparency<\/li><\/ul><p>We process your data legally and fairly. We are always transparent about the information we use, and you are properly informed.<\/p><ul><li>Control is yours<\/li><\/ul><p>To the extent permitted by law, we provide you with the opportunity to review, modify, delete the personal data you have shared with us, and exercise your other rights.<\/p><ul><li>Data integrity and purpose limitation<\/li><\/ul><p>We use the data only for the purposes described at the time of collection or for new purposes compatible with the original ones. In all cases, our purposes are compatible with the law. We take reasonable steps to ensure that personal data is accurate, complete and up-to-date.<\/p><ul><li>Security<\/li><\/ul><p>We have implemented reasonable security and encryption measures to protect your information as best as possible. However, keep in mind that no website, app, or internet connection is completely secure.<\/p>\t\t\t\t\t\t<\/div>\n\t\t\t\t<\/div>\n\t\t\t\t\t<\/div>\n\t\t<\/div>\n\t\t\t\t\t\t\t<\/div>\n\t\t<\/section>\n\t\t\t\t\t\t\t<\/div>","protected":false},"excerpt":{"rendered":"<p>Protec\u021bia informa\u021biilor tale personale este foarte important\u0103 pentru noi. De aceea, ne-am luat angajamentul s\u0103 respect\u0103m legisla\u021bia european\u0103 \u0219i na\u021bional\u0103&hellip;<\/p>","protected":false},"author":1,"featured_media":0,"parent":0,"menu_order":0,"comment_status":"closed","ping_status":"open","template":"","meta":{"footnotes":""},"jetpack_sharing_enabled":true,"_links":{"self":[{"href":"https:\/\/web.kgrulmenti.ro\/en\/wp-json\/wp\/v2\/pages\/3"}],"collection":[{"href":"https:\/\/web.kgrulmenti.ro\/en\/wp-json\/wp\/v2\/pages"}],"about":[{"href":"https:\/\/web.kgrulmenti.ro\/en\/wp-json\/wp\/v2\/types\/page"}],"author":[{"embeddable":true,"href":"https:\/\/web.kgrulmenti.ro\/en\/wp-json\/wp\/v2\/users\/1"}],"replies":[{"embeddable":true,"href":"https:\/\/web.kgrulmenti.ro\/en\/wp-json\/wp\/v2\/comments?post=3"}],"version-history":[{"count":4,"href":"https:\/\/web.kgrulmenti.ro\/en\/wp-json\/wp\/v2\/pages\/3\/revisions"}],"predecessor-version":[{"id":258,"href":"https:\/\/web.kgrulmenti.ro\/en\/wp-json\/wp\/v2\/pages\/3\/revisions\/258"}],"wp:attachment":[{"href":"https:\/\/web.kgrulmenti.ro\/en\/wp-json\/wp\/v2\/media?parent=3"}],"curies":[{"name":"wp","href":"https:\/\/api.w.org\/{rel}","templated":true}]}}